{"id":790,"date":"2025-05-14T02:31:33","date_gmt":"2025-05-14T02:31:33","guid":{"rendered":"https:\/\/laquintabatumi.com\/?page_id=790"},"modified":"2025-05-14T02:57:47","modified_gmt":"2025-05-14T02:57:47","slug":"iletisim","status":"publish","type":"page","link":"https:\/\/laquintabatumi.com\/?page_id=790&lang=tr","title":{"rendered":"\u0130leti\u015fim"},"content":{"rendered":"\t\t<div data-elementor-type=\"wp-page\" data-elementor-id=\"790\" class=\"elementor elementor-790\" data-elementor-settings=\"[]\">\n\t\t\t\t\t\t\t<div class=\"elementor-section-wrap\">\n\t\t\t\t\t\t\t<section class=\"elementor-section elementor-top-section elementor-element elementor-element-be3d306 elementor-section-full_width elementor-section-height-default elementor-section-height-default\" data-id=\"be3d306\" data-element_type=\"section\">\n\t\t\t\t\t\t<div class=\"elementor-container elementor-column-gap-no\">\n\t\t\t\t\t<div class=\"elementor-column elementor-col-100 elementor-top-column elementor-element elementor-element-4c069df\" data-id=\"4c069df\" data-element_type=\"column\">\n\t\t\t<div class=\"elementor-widget-wrap elementor-element-populated\">\n\t\t\t\t\t\t\t\t<div class=\"elementor-element elementor-element-79339d1 elementor-align-left elementor-widget elementor-widget-bdevs-slider-two\" data-id=\"79339d1\" data-element_type=\"widget\" data-widget_type=\"bdevs-slider-two.default\">\n\t\t\t\t<div class=\"elementor-widget-container\">\n\t\t\t\t\t\n\t\t<div class=\"upper-page bg-dark\" id=\"home\">\n            <!-- hero bg start -->\n            <div class=\"hero-fullscreen\">\n                <div class=\"hero-fullscreen-FIX\">\n                    <div class=\"hero-bg\">\n                        <!-- hero slider wrapper start -->\n                        <div class=\"swiper-container-wrapper\">\n                            <!-- swiper container start -->\n                            <div class=\"swiper-container swiper2\">\n                                <!-- swiper wrapper start -->\n                                <div class=\"swiper-wrapper\">\n                                    <!-- swiper slider item start -->\n                                    <div class=\"swiper-slide\">\n                                        <div class=\"swiper-slide-inner\">\n                                        \t                                            <!-- swiper slider item IMG start -->\n                                            <div class=\"swiper-slide-inner-bg bg-img-1 overlay overlay-dark\" style=\"background-image: url(https:\/\/laquintabatumi.com\/wp-content\/uploads\/2025\/04\/contactslider.png);\">\n                                            <\/div>\n                                            <!-- swiper slider item IMG end -->\n                                                                                        <!-- swiper slider item txt start -->\n                                            <div class=\"swiper-slide-inner-txt-2\">\n                                            \t                                                <div class=\"blog-tag blog-tag-light fadeIn-element\">Bize Ula\u015f\u0131n<\/div>\n                                                <div class=\"divider-m\"><\/div>\n                                                <!-- divider end -->\n                                                                                                <!-- section title start -->\n                                                <h1 class=\"hero-heading hero-heading-home fadeIn-element\">\n                                                    \u0130leti\u015fim                                                <\/h1>\n                                                <!-- section title end -->\n                                                <!-- divider start -->\n                                                <div class=\"divider-m\"><\/div>\n                                                <!-- divider end -->\n                                                                                                <!-- button start -->\n                                                <div class=\"more-wraper-center more-wraper-center-home fadeIn-element\">\n                                                    <a class=\"button button-effect\"  href=\"https:\/\/www.wyndhamhotels.com\/en-uk\/laquinta\/batumi-georgia\/la-quinta-batumi\/overview?brand_id=LQ&amp;checkInDate=4\/18\/2025&amp;checkOutDate=4\/19\/2025&amp;useWRPoints=false&amp;children=0&amp;adults=1&amp;rooms=1&amp;loc=ChIJIdKiTjCGZ0ARZ6ku4alTMHo&amp;sessionId=1744940971\">\n                                                        <div class=\"more-wraper-inner-home\">\n                                                            <i class=\"pulse\"><\/i>\n                                                            <div class=\"more-button-txt-center more-button-txt-center-home\">\n                                                                <span>Rezervasyon<\/span>\n                                                            <\/div>\n                                                        <\/div>\n                                                    <\/a>\n                                                <\/div>\n                                                <!-- button end -->\n                                                                            \n                                            <\/div>\n                                            <!-- swiper slider item txt end -->\n                                        <\/div>\n                                    <\/div>\n                                    <!-- swiper slider item end -->\n                                <\/div>\n                                <!-- swiper wrapper end -->   \n                            <\/div>\n                            <!-- swiper container end -->\n                        <\/div>\n                        <!-- hero slider wrapper end -->\n                    <\/div>\n                <\/div>\n            <\/div>\n            <!-- hero bg end -->\n            <!-- scroll indicator start -->\n            <div class=\"scroll-indicator\">\n                <div class=\"scroll-indicator-wrapper\">\n                    <div class=\"scroll-line fadeIn-element\"><\/div>\n                <\/div>\n            <\/div>\n            <!-- scroll indicator end -->\n        <\/div>\n        <!-- vertical lines start -->\n        <div class=\"vertical-lines-wrapper\">\n            <div class=\"vertical-lines\"><\/div>\n        <\/div>\n        <!-- vertical lines end -->\n\n  \n\t\t\t<\/div>\n\t\t\t\t<\/div>\n\t\t\t\t\t<\/div>\n\t\t<\/div>\n\t\t\t\t\t\t\t<\/div>\n\t\t<\/section>\n\t\t\t\t<section class=\"elementor-section elementor-top-section elementor-element elementor-element-6851712 elementor-section-full_width elementor-section-height-default elementor-section-height-default\" data-id=\"6851712\" data-element_type=\"section\">\n\t\t\t\t\t\t<div class=\"elementor-container elementor-column-gap-no\">\n\t\t\t\t\t<div class=\"elementor-column elementor-col-100 elementor-top-column elementor-element elementor-element-6cbd444\" data-id=\"6cbd444\" data-element_type=\"column\">\n\t\t\t<div class=\"elementor-widget-wrap elementor-element-populated\">\n\t\t\t\t\t\t\t\t<div class=\"elementor-element elementor-element-70b352e elementor-align-left elementor-widget elementor-widget-bdevs-contact\" data-id=\"70b352e\" data-element_type=\"widget\" data-widget_type=\"bdevs-contact.default\">\n\t\t\t\t<div class=\"elementor-widget-container\">\n\t\t\t\t\t        <div id=\"contact\" class=\"section-all bg-light\">\r\n            <!-- container start -->\r\n            <div class=\"container-fluid\">\r\n                <!-- row start -->\r\n                <div class=\"row\">\r\n                    <!-- col start -->\r\n                    <div class=\"col-lg-12\">\r\n                        <!-- divider start -->\r\n                        <div class=\"divider-l\"><\/div>\r\n                        <!-- divider end -->\r\n                        <!-- line start -->\r\n                        <div class=\"the-line\"><\/div>\r\n                        <!-- line end -->\r\n                        <!-- divider start -->\r\n                        <div class=\"divider-l\"><\/div>\r\n                        <!-- divider end -->\r\n                    <\/div>\r\n                    <!-- col end -->\r\n                <\/div>\r\n                <!-- row end -->\r\n            <\/div>\r\n            <!-- container end -->\r\n            <!-- container start -->\r\n            <div class=\"container\">\r\n                <!-- row start -->\r\n                <div class=\"row\">\r\n                    <div class=\"post-spacing-3\">\r\n                                                <!-- col start -->\r\n                        <div class=\"col-md-4 col-sm-12\">\r\n                            <!-- section subtitle start -->\r\n                            <div class=\"blog-tag\">Adres<\/div>\r\n                            <!-- section subtitle end -->\r\n                            <!-- divider start -->\r\n                            <div class=\"divider-m\"><\/div>\r\n                            <!-- divider end -->\r\n                            <!-- section TXT start -->\r\n                            <div class=\"section-txt-2\">\r\n                                <p>Adlia street 1, Batumi, 6000<\/p>\r\n                            <\/div>\r\n                            <!-- section TXT end -->\r\n                            <!-- divider start -->\r\n                            <div class=\"divider-l visible-mobile-devices\"><\/div>\r\n                            <!-- divider end -->\r\n                        <\/div>\r\n                        <!-- col end -->\r\n                    \t                        <!-- col start -->\r\n                        <div class=\"col-md-4 col-sm-12\">\r\n                            <!-- section subtitle start -->\r\n                            <div class=\"blog-tag\">Email<\/div>\r\n                            <!-- section subtitle end -->\r\n                            <!-- divider start -->\r\n                            <div class=\"divider-m\"><\/div>\r\n                            <!-- divider end -->\r\n                            <!-- section TXT start -->\r\n                            <div class=\"section-txt-2\">\r\n                                <p><a class=\"link-effect\" href=\"mailto:accessibility@wyndham.com\">accessibility@wyndham.com<\/a><\/p>\r\n                            <\/div>\r\n                            <!-- section TXT end -->\r\n                            <!-- divider start -->\r\n                            <div class=\"divider-l visible-mobile-devices\"><\/div>\r\n                            <!-- divider end -->\r\n                        <\/div>\r\n                        <!-- col end -->\r\n                    \t                        <!-- col start -->\r\n                        <div class=\"col-md-4 col-sm-12\">\r\n                            <!-- section subtitle start -->\r\n                            <div class=\"blog-tag\">Telefon<\/div>\r\n                            <!-- section subtitle end -->\r\n                            <!-- divider start -->\r\n                            <div class=\"divider-m\"><\/div>\r\n                            <!-- divider end -->\r\n                            <!-- section TXT start -->\r\n                            <div class=\"section-txt-2\">\r\n                                <p>+995-0422-400010<\/p>\r\n                            <\/div>\r\n                            <!-- section TXT end -->\r\n                            <!-- divider start -->\r\n                            <div class=\"divider-l visible-mobile-devices\"><\/div>\r\n                            <!-- divider end -->\r\n                        <\/div>\r\n                        <!-- col end -->\r\n                    \t                    <\/div>\r\n                <\/div>\r\n                <!-- row end -->\r\n                <!-- row start -->\r\n                <div class=\"row\" id=\"use-the-form\">\r\n                    <!-- col start -->\r\n                    <div class=\"col-lg-12\">\r\n                        <!-- divider start -->\r\n                        <div class=\"divider-l\"><\/div>\r\n                        <!-- divider end -->\r\n                        <!-- line start -->\r\n                        <div class=\"the-line\"><\/div>\r\n                        <!-- line end -->\r\n                        <!-- divider start -->\r\n                        <div class=\"divider-l\"><\/div>\r\n                        <!-- divider end -->\r\n                    <\/div>\r\n                    <!-- col end -->\r\n                <\/div>\r\n                <!-- row end -->\r\n                <!-- button start -->\r\n                <div class=\"more-wraper-center contact-modal-launcher\">\r\n                    <div class=\"more-button-bg-center more-button-bg-center-dark more-button-bg-center-dark-close more-button-circle\">\r\n                    <\/div>\r\n                    <div class=\"more-button-txt-center more-button-txt-center-close\">\r\n                        <span>Formu kullan\u0131n<\/span>\r\n                    <\/div>\r\n                <\/div>\r\n                <!-- button end -->\r\n            <\/div>\r\n            <!-- container end -->\r\n        <\/div>\r\n        <div class=\"contact-modal\">\r\n            <!-- container start -->\r\n            <div class=\"container\">\r\n                <!-- center container start -->\r\n                <div class=\"center-container-contact-modal\">\r\n                    <!-- center block start -->\r\n                    <div class=\"center-block-contact-modal\">\r\n                        <!-- row start -->\r\n                        <div class=\"row center-block-contact-modal-padding-top\">\r\n                            <!-- col start -->\r\n                            <div class=\"col-lg-12\">\r\n                                <!-- section title start -->\r\n                                <h2 class=\"hero-heading hero-heading-dark\">\r\n                                    Inquiries                                <\/h2>\r\n                                <!-- section title end -->\r\n                                <!-- divider start -->\r\n                                <div class=\"divider-l\"><\/div>\r\n                                <!-- divider end -->\r\n                            <\/div>\r\n                            <!-- col end -->\r\n                        <\/div>\r\n                        <!-- row end -->\r\n                        <!-- row start -->\r\n                        <div class=\"row contact-modal-wrapper\">\r\n                            <!-- col start -->\r\n                            <div>\r\n                                <!-- contact form start -->\r\n                                <div id=\"contact-form\">\r\n                                    \n<div class=\"wpcf7 no-js\" id=\"wpcf7-f835-o1\" lang=\"en-US\" dir=\"ltr\" data-wpcf7-id=\"835\">\n<div class=\"screen-reader-response\"><p role=\"status\" aria-live=\"polite\" aria-atomic=\"true\"><\/p> <ul><\/ul><\/div>\n<form action=\"\/index.php?rest_route=%2Fwp%2Fv2%2Fpages%2F790#wpcf7-f835-o1\" method=\"post\" class=\"wpcf7-form init\" aria-label=\"Contact form\" novalidate=\"novalidate\" data-status=\"init\">\n<div style=\"display: none;\">\n<input type=\"hidden\" name=\"_wpcf7\" value=\"835\" \/>\n<input type=\"hidden\" name=\"_wpcf7_version\" value=\"6.0.6\" \/>\n<input type=\"hidden\" name=\"_wpcf7_locale\" value=\"en_US\" \/>\n<input type=\"hidden\" name=\"_wpcf7_unit_tag\" value=\"wpcf7-f835-o1\" \/>\n<input type=\"hidden\" name=\"_wpcf7_container_post\" value=\"0\" \/>\n<input type=\"hidden\" name=\"_wpcf7_posted_data_hash\" value=\"\" \/>\n<\/div>\n<div id=\"form\">\n\t<div class=\"col-sm-6 col-md-6 col-lg-6\">\n\t\t<p><span class=\"wpcf7-form-control-wrap\" data-name=\"name\"><input size=\"40\" maxlength=\"400\" class=\"wpcf7-form-control wpcf7-text wpcf7-validates-as-required requiredField name\" id=\"name\" aria-required=\"true\" aria-invalid=\"false\" placeholder=\"\u0130sminiz\" value=\"\" type=\"text\" name=\"name\" \/><\/span>\n\t\t<\/p>\n\t<\/div>\n\t<div class=\"col-sm-6 col-md-6 col-lg-6\">\n\t\t<p><span class=\"wpcf7-form-control-wrap\" data-name=\"email\"><input size=\"40\" maxlength=\"400\" class=\"wpcf7-form-control wpcf7-email wpcf7-validates-as-required wpcf7-text wpcf7-validates-as-email requiredField email\" id=\"email\" aria-required=\"true\" aria-invalid=\"false\" placeholder=\"Mail Adresiniz\" value=\"\" type=\"email\" name=\"email\" \/><\/span>\n\t\t<\/p>\n\t<\/div>\n\t<div class=\"make-space\">\n\t\t<p><span class=\"wpcf7-form-control-wrap\" data-name=\"subject\"><input size=\"40\" maxlength=\"400\" class=\"wpcf7-form-control wpcf7-text wpcf7-validates-as-required requiredField subject\" id=\"subject\" aria-required=\"true\" aria-invalid=\"false\" placeholder=\"Konu\" value=\"\" type=\"text\" name=\"subject\" \/><\/span>\n\t\t<\/p>\n\t<\/div>\n\t<div class=\"make-space\">\n\t\t<p><span class=\"wpcf7-form-control-wrap\" data-name=\"message\"><textarea cols=\"40\" rows=\"10\" maxlength=\"2000\" class=\"wpcf7-form-control wpcf7-textarea wpcf7-validates-as-required requiredField message\" id=\"message\" aria-required=\"true\" aria-invalid=\"false\" placeholder=\"Mesaj\u0131n\u0131z\" name=\"message\"><\/textarea><\/span>\n\t\t<\/p>\n\t<\/div>\n\t<div>\n\t\t<div class=\"more-wraper-center more-wraper-center-form\">\n\t\t\t<div class=\"more-button-bg-center more-button-bg-center-dark more-button-bg-center-dark-close more-button-circle\">\n\t\t\t<\/div>\n\t\t\t<div class=\"more-button-txt-center more-button-txt-center-close\">\n\t\t\t\t<p><input class=\"wpcf7-form-control wpcf7-submit has-spinner\" type=\"submit\" value=\"G\u00f6nder\" \/>\n\t\t\t\t<\/p>\n\t\t\t<\/div>\n\t\t<\/div>\n\t<\/div>\n<\/div><div class=\"wpcf7-response-output\" aria-hidden=\"true\"><\/div>\n<\/form>\n<\/div>\n                                <\/div>\r\n                                <!-- contact form end -->\r\n                            <\/div>\r\n                            <!-- col end -->\r\n                        <\/div>\r\n                        <!-- row end -->\r\n                        <!-- divider start -->\r\n                        <div class=\"divider-l\"><\/div>\r\n                        <!-- divider end -->\r\n                        <!-- row start -->\r\n                        <div class=\"row center-block-contact-modal-padding-bottom\">\r\n                            <div class=\"col-lg-12\">\r\n                                <!-- contact modal closer start -->\r\n                                <div class=\"contact-modal-closer\">\r\n                                    <span class=\"ion-close\"><\/span>\r\n                                <\/div>\r\n                                <!-- contact modal closer end -->\r\n                            <\/div>\r\n                        <\/div>\r\n                        <!-- row end -->\r\n                    <\/div>\r\n                    <!-- center block end -->\r\n                <\/div>\r\n                <!-- center container end -->\r\n            <\/div>\r\n            <!-- container end -->\r\n        <\/div>\r\n        \t\t\t<\/div>\n\t\t\t\t<\/div>\n\t\t\t\t\t<\/div>\n\t\t<\/div>\n\t\t\t\t\t\t\t<\/div>\n\t\t<\/section>\n\t\t\t\t<section class=\"elementor-section elementor-top-section elementor-element elementor-element-132c65b elementor-section-full_width elementor-section-height-default elementor-section-height-default\" data-id=\"132c65b\" data-element_type=\"section\">\n\t\t\t\t\t\t<div class=\"elementor-container elementor-column-gap-no\">\n\t\t\t\t\t<div class=\"elementor-column elementor-col-100 elementor-top-column elementor-element elementor-element-b6d17e7\" data-id=\"b6d17e7\" data-element_type=\"column\">\n\t\t\t<div class=\"elementor-widget-wrap elementor-element-populated\">\n\t\t\t\t\t\t\t\t<div class=\"elementor-element elementor-element-6b22a19 elementor-align-left elementor-widget elementor-widget-bdevs-maps\" data-id=\"6b22a19\" data-element_type=\"widget\" data-widget_type=\"bdevs-maps.default\">\n\t\t\t\t<div class=\"elementor-widget-container\">\n\t\t\t\t\t<!-- container start -->\r\n        <div class=\"container-fluid\">\r\n        \t<!-- row start -->\r\n            <div class=\"row\">\r\n                <!-- col start -->\r\n                <div class=\"col-lg-12\">\r\n                    <!-- divider start -->\r\n                    <div class=\"divider-l\"><\/div>\r\n                    <!-- divider end -->\r\n                    <!-- line start -->\r\n                    <div class=\"the-line\"><\/div>\r\n                    <!-- line end -->\r\n                    <!-- divider start -->\r\n                    <div class=\"divider-l-2\"><\/div>\r\n                    <!-- divider end -->\r\n                <\/div>\r\n                <!-- col end -->\r\n            <\/div>\r\n            <!-- row end -->\r\n            <!-- row start -->\r\n            <div class=\"row\">\r\n                <!-- google maps wrapper start -->\r\n                <div id=\"google-maps-wrapper\">\r\n                    <!-- google maps start -->\r\n                    <div class=\"google-maps\">\r\n                        <iframe src=\r\n                            \"https:\/\/www.google.com\/maps\/embed?pb=!1m18!1m12!1m3!1d2982.610026700018!2d41.592065399999996!3d41.6209439!2m3!1f0!2f0!3f0!3m2!1i1024!2i768!4f13.1!3m3!1m2!1s0x45eba165001ce225%3A0xceac14bdc23d591c!2sLa%20Quinta%20by%20Wyndham%20Batumi!5e0!3m2!1sen!2str!4v1745892419900!5m2!1sen!2str\n\">\r\n                        <\/iframe>\r\n                    <\/div>\r\n                    <!-- google maps end -->\r\n                <\/div>\r\n                <!-- google maps wrapper end -->\r\n            <\/div>\r\n            <!-- row end -->\r\n        <\/div>\r\n        <!-- container end -->\r\n\t\t\t<\/div>\n\t\t\t\t<\/div>\n\t\t\t\t\t<\/div>\n\t\t<\/div>\n\t\t\t\t\t\t\t<\/div>\n\t\t<\/section>\n\t\t\t\t<section class=\"elementor-section elementor-top-section elementor-element elementor-element-4ec9fe3 elementor-section-full_width elementor-section-height-default elementor-section-height-default\" data-id=\"4ec9fe3\" data-element_type=\"section\">\n\t\t\t\t\t\t<div class=\"elementor-container elementor-column-gap-no\">\n\t\t\t\t\t<div class=\"elementor-column elementor-col-100 elementor-top-column elementor-element elementor-element-8c1fa79\" data-id=\"8c1fa79\" data-element_type=\"column\">\n\t\t\t<div class=\"elementor-widget-wrap elementor-element-populated\">\n\t\t\t\t\t\t\t\t<div class=\"elementor-element elementor-element-b4d14f8 elementor-align-left elementor-widget elementor-widget-bdevs-video\" data-id=\"b4d14f8\" data-element_type=\"widget\" data-widget_type=\"bdevs-video.default\">\n\t\t\t\t<div class=\"elementor-widget-container\">\n\t\t\t\t\t<!-- container start -->\r\n        <div class=\"container-fluid\">\r\n            <!-- row start -->\r\n            <div class=\"row\">\r\n                <!-- col start -->\r\n                <div class=\"col-lg-12\">\r\n                    <!-- divider start -->\r\n                    <div class=\"divider-l\"><\/div>\r\n                    <!-- divider end -->\r\n                    <!-- line start -->\r\n                    <div class=\"the-line\"><\/div>\r\n                    <!-- line end -->\r\n                    <!-- divider start -->\r\n                    <div class=\"divider-l\"><\/div>\r\n                    <!-- divider end -->\r\n                <\/div>\r\n                <!-- col end -->\r\n            <\/div>\r\n            <!-- row end -->\r\n            <!-- row start -->\r\n            <div class=\"row\">\r\n                <!-- col start -->\r\n                <div class=\"col-lg-12\">\r\n                    <!-- parallax wrapper start -->\r\n                    <div class=\"parallax-title\">\r\n                        <!-- HTML5 video URL start -->\r\n                        <video playsinline autoplay muted loop>\r\n                            <source src=\"https:\/\/www.11-76.com\/html5-videos-22\/luxex\/luxex.mp4\" type=\"video\/mp4\">\r\n                        <\/video>\r\n                        <!-- HTML5 video URL end -->\r\n                        <!-- page title start -->\r\n                        <div class=\"parallax-title-content\">\r\n                            La QuInta<br> By  Wyndham                        <\/div>\r\n                        <!-- page title end -->\r\n                    <\/div>\r\n                    <!-- parallax wrapper end -->\r\n                <\/div>\r\n                <!-- col end -->\r\n            <\/div>\r\n            <!-- row end -->\r\n        <\/div>\r\n        <!-- container end -->\r\n\t\t\t<\/div>\n\t\t\t\t<\/div>\n\t\t\t\t\t<\/div>\n\t\t<\/div>\n\t\t\t\t\t\t\t<\/div>\n\t\t<\/section>\n\t\t\t\t\t\t<\/div>\n\t\t\t\t\t<\/div>\n\t\t","protected":false},"excerpt":{"rendered":"<p>Bize Ula\u015f\u0131n \u0130leti\u015fim Rezervasyon Adres Adlia street 1, Batumi, 6000 Email accessibility@wyndham.com Telefon +995-0422-400010 Formu kullan\u0131n Inquiries La QuInta By Wyndham<\/p>\n","protected":false},"author":1,"featured_media":0,"parent":0,"menu_order":0,"comment_status":"closed","ping_status":"closed","template":"page-templates\/home.php","meta":{"inline_featured_image":false,"footnotes":""},"class_list":["post-790","page","type-page","status-publish","hentry"],"_links":{"self":[{"href":"https:\/\/laquintabatumi.com\/index.php?rest_route=\/wp\/v2\/pages\/790","targetHints":{"allow":["GET"]}}],"collection":[{"href":"https:\/\/laquintabatumi.com\/index.php?rest_route=\/wp\/v2\/pages"}],"about":[{"href":"https:\/\/laquintabatumi.com\/index.php?rest_route=\/wp\/v2\/types\/page"}],"author":[{"embeddable":true,"href":"https:\/\/laquintabatumi.com\/index.php?rest_route=\/wp\/v2\/users\/1"}],"replies":[{"embeddable":true,"href":"https:\/\/laquintabatumi.com\/index.php?rest_route=%2Fwp%2Fv2%2Fcomments&post=790"}],"version-history":[{"count":7,"href":"https:\/\/laquintabatumi.com\/index.php?rest_route=\/wp\/v2\/pages\/790\/revisions"}],"predecessor-version":[{"id":838,"href":"https:\/\/laquintabatumi.com\/index.php?rest_route=\/wp\/v2\/pages\/790\/revisions\/838"}],"wp:attachment":[{"href":"https:\/\/laquintabatumi.com\/index.php?rest_route=%2Fwp%2Fv2%2Fmedia&parent=790"}],"curies":[{"name":"wp","href":"https:\/\/api.w.org\/{rel}","templated":true}]}}